{"id":273,"date":"2025-04-13T07:35:08","date_gmt":"2025-04-13T07:35:08","guid":{"rendered":"http:\/\/glm-digital.local\/web-development\/"},"modified":"2025-05-13T20:50:26","modified_gmt":"2025-05-13T20:50:26","slug":"web-development","status":"publish","type":"page","link":"https:\/\/glm-digital.hr\/en\/web-development\/","title":{"rendered":"Web Development"},"content":{"rendered":"\n[et_pb_section fb_built=&#8221;1&#8243; fullwidth=&#8221;on&#8221; admin_label=&#8221;Hero Section&#8221; _builder_version=&#8221;4.16&#8243; background_color=&#8221;#101535&#8243; background_image=&#8221;https:\/\/glm-digital.hr\/wp-content\/uploads\/2025\/04\/crypto_illustration_11.png&#8221; parallax=&#8221;on&#8221; custom_margin=&#8221;|||&#8221; custom_padding=&#8221;|||&#8221; global_colors_info=&#8221;{}&#8221; theme_builder_area=&#8221;post_content&#8221;][et_pb_fullwidth_header title=&#8221;Web Development&#8221; _builder_version=&#8221;4.24.2&#8243; title_font=&#8221;Titillium Web||||||||&#8221; title_font_size=&#8221;66px&#8221; title_line_height=&#8221;1.5em&#8221; content_font=&#8221;||||||||&#8221; content_font_size=&#8221;18px&#8221; content_line_height=&#8221;2em&#8221; background_color=&#8221;rgba(0,0,0,0)&#8221; use_background_color_gradient=&#8221;on&#8221; background_color_gradient_stops=&#8221;rgba(16,21,53,0) 50%|#101535 100%&#8221; background_color_gradient_start=&#8221;rgba(16,21,53,0)&#8221; background_color_gradient_start_position=&#8221;50%&#8221; background_color_gradient_end=&#8221;#101535&#8243; background_image=&#8221;https:\/\/glm-digital.hr\/wp-content\/uploads\/2025\/04\/crypto-bg-03-1.png&#8221; background_size=&#8221;initial&#8221; background_position=&#8221;bottom_center&#8221; custom_button_one=&#8221;on&#8221; button_one_text_size=&#8221;13px&#8221; button_one_bg_color=&#8221;#4328b7&#8243; button_one_border_width=&#8221;10px&#8221; button_one_border_color=&#8221;#4328b7&#8243; button_one_border_radius=&#8221;0px&#8221; button_one_letter_spacing=&#8221;2px&#8221; button_one_font=&#8221;Titillium Web|700||on|||||&#8221; custom_button_two=&#8221;on&#8221; button_two_text_size=&#8221;13px&#8221; button_two_text_color=&#8221;#4328b7&#8243; button_two_bg_color=&#8221;#ffffff&#8221; button_two_border_width=&#8221;10px&#8221; button_two_border_color=&#8221;#ffffff&#8221; button_two_border_radius=&#8221;0px&#8221; button_two_letter_spacing=&#8221;2px&#8221; button_two_font=&#8221;Titillium Web|700||on|||||&#8221; custom_margin=&#8221;|||&#8221; custom_padding=&#8221;150px||15vw||false|false&#8221; animation_style=&#8221;slide&#8221; animation_direction=&#8221;top&#8221; animation_duration=&#8221;1500ms&#8221; animation_intensity_slide=&#8221;2%&#8221; hover_enabled=&#8221;0&#8243; title_font_size_tablet=&#8221;40px&#8221; title_font_size_phone=&#8221;&#8221; title_font_size_last_edited=&#8221;on|phone&#8221; content_font_size_tablet=&#8221;&#8221; content_font_size_phone=&#8221;15px&#8221; content_font_size_last_edited=&#8221;on|phone&#8221; button_one_letter_spacing_hover=&#8221;2px&#8221; button_two_letter_spacing_hover=&#8221;2px&#8221; global_colors_info=&#8221;{}&#8221; button_one_text_size__hover_enabled=&#8221;off&#8221; button_two_text_size__hover_enabled=&#8221;off&#8221; button_one_text_color__hover_enabled=&#8221;off&#8221; button_two_text_color__hover_enabled=&#8221;off&#8221; button_one_border_width__hover_enabled=&#8221;off&#8221; button_two_border_width__hover_enabled=&#8221;off&#8221; button_one_border_color__hover_enabled=&#8221;off&#8221; button_two_border_color__hover_enabled=&#8221;off&#8221; button_one_border_radius__hover_enabled=&#8221;off&#8221; button_two_border_radius__hover_enabled=&#8221;off&#8221; button_one_letter_spacing__hover_enabled=&#8221;on&#8221; button_one_letter_spacing__hover=&#8221;2px&#8221; button_two_letter_spacing__hover_enabled=&#8221;on&#8221; button_two_letter_spacing__hover=&#8221;2px&#8221; button_one_bg_color__hover_enabled=&#8221;off&#8221; button_two_bg_color__hover_enabled=&#8221;off&#8221; theme_builder_area=&#8221;post_content&#8221; header_fullscreen=&#8221;on&#8221; title_text_align=&#8221;center&#8221; sticky_enabled=&#8221;0&#8243;]<p><strong>Prvi dojam je klju\u010dan \u2014 zato gradimo web stranice koje ostavljaju trag.<\/strong><br \/>Na\u0161a usluga web razvoja fokusira se na stvaranje brzih, sigurnih i vizualno privla\u010dnih web stranica koje su prilago\u0111ene svim ure\u0111ajima. Bilo da trebate jednostavan portfolio, korporativnu stranicu ili kompleksniji sustav s CMS-om, na\u0161 tim vam nudi rje\u0161enje prilago\u0111eno va\u0161im ciljevima i brendu.<\/p>\n<p><strong>\u0160to nudimo:<\/strong><\/p>\n<ul>\n<li>Dizajn i razvoj modernih, responzivnih stranica<\/li>\n<li>Optimizaciju za brzinu i SEO<\/li>\n<li>Implementaciju CMS sustava (WordPress, Strapi i dr.)<\/li>\n<li>Tehni\u010dku podr\u0161ku i odr\u017eavanje<\/li>\n<\/ul>\n<p><strong>Za\u0161to odabrati nas?<\/strong><br \/>Kombiniramo tehni\u010dku stru\u010dnost s dizajnerskom estetikom kako bismo osigurali da va\u0161a stranica ne samo izgleda odli\u010dno, ve\u0107 i radi besprijekorno. Svaki projekt tretiramo individualno, a na\u0161 cilj je stvoriti web iskustvo koje pretvara posjetitelje u klijente.<\/p>[\/et_pb_fullwidth_header][\/et_pb_section]\n","protected":false},"excerpt":{"rendered":"<p>Prvi dojam je klju\u010dan \u2014 zato gradimo web stranice koje ostavljaju trag.Na\u0161a usluga web razvoja fokusira se na stvaranje brzih, sigurnih i vizualno privla\u010dnih web stranica koje su prilago\u0111ene svim ure\u0111ajima. Bilo da trebate jednostavan portfolio, korporativnu stranicu ili kompleksniji sustav s CMS-om, na\u0161 tim vam nudi rje\u0161enje prilago\u0111eno va\u0161im ciljevima i brendu. \u0160to nudimo: [&hellip;]<\/p>\n","protected":false},"author":1,"featured_media":0,"parent":0,"menu_order":0,"comment_status":"closed","ping_status":"closed","template":"","meta":{"_et_pb_use_builder":"on","_et_pb_old_content":"","_et_gb_content_width":"","footnotes":""},"class_list":["post-273","page","type-page","status-publish","hentry"],"yoast_head":"<!-- This site is optimized with the Yoast SEO plugin v25.0 - https:\/\/yoast.com\/wordpress\/plugins\/seo\/ -->\n<title>Web Development - GLM Digital<\/title>\n<meta name=\"description\" content=\"Our web development service focuses on creating fast, secure and visually appealing websites that are responsive to all devices.\" \/>\n<meta name=\"robots\" content=\"index, follow, max-snippet:-1, max-image-preview:large, max-video-preview:-1\" \/>\n<link rel=\"canonical\" href=\"https:\/\/glm-digital.hr\/en\/web-development\/\" \/>\n<meta property=\"og:locale\" content=\"en_US\" \/>\n<meta property=\"og:type\" content=\"article\" \/>\n<meta property=\"og:title\" content=\"Web Development - GLM Digital\" \/>\n<meta property=\"og:description\" content=\"Our web development service focuses on creating fast, secure and visually appealing websites that are responsive to all devices.\" \/>\n<meta property=\"og:url\" content=\"https:\/\/glm-digital.hr\/en\/web-development\/\" \/>\n<meta property=\"og:site_name\" content=\"GLM Digital\" \/>\n<meta property=\"article:modified_time\" content=\"2025-05-13T20:50:26+00:00\" \/>\n<meta name=\"twitter:card\" content=\"summary_large_image\" \/>\n<meta name=\"twitter:label1\" content=\"Est. reading time\" \/>\n\t<meta name=\"twitter:data1\" content=\"3 minutes\" \/>\n<script type=\"application\/ld+json\" class=\"yoast-schema-graph\">{\"@context\":\"https:\/\/schema.org\",\"@graph\":[{\"@type\":\"WebPage\",\"@id\":\"https:\/\/glm-digital.hr\/en\/web-development\/\",\"url\":\"https:\/\/glm-digital.hr\/en\/web-development\/\",\"name\":\"Web Development - GLM Digital\",\"isPartOf\":{\"@id\":\"https:\/\/glm-digital.hr\/en\/#website\"},\"datePublished\":\"2025-04-13T07:35:08+00:00\",\"dateModified\":\"2025-05-13T20:50:26+00:00\",\"description\":\"Our web development service focuses on creating fast, secure and visually appealing websites that are responsive to all devices.\",\"breadcrumb\":{\"@id\":\"https:\/\/glm-digital.hr\/en\/web-development\/#breadcrumb\"},\"inLanguage\":\"en-US\",\"potentialAction\":[{\"@type\":\"ReadAction\",\"target\":[\"https:\/\/glm-digital.hr\/en\/web-development\/\"]}]},{\"@type\":\"BreadcrumbList\",\"@id\":\"https:\/\/glm-digital.hr\/en\/web-development\/#breadcrumb\",\"itemListElement\":[{\"@type\":\"ListItem\",\"position\":1,\"name\":\"Home\",\"item\":\"https:\/\/glm-digital.hr\/en\/\"},{\"@type\":\"ListItem\",\"position\":2,\"name\":\"Web Development\"}]},{\"@type\":\"WebSite\",\"@id\":\"https:\/\/glm-digital.hr\/en\/#website\",\"url\":\"https:\/\/glm-digital.hr\/en\/\",\"name\":\"GLM Digital\",\"description\":\"\",\"potentialAction\":[{\"@type\":\"SearchAction\",\"target\":{\"@type\":\"EntryPoint\",\"urlTemplate\":\"https:\/\/glm-digital.hr\/en\/?s={search_term_string}\"},\"query-input\":{\"@type\":\"PropertyValueSpecification\",\"valueRequired\":true,\"valueName\":\"search_term_string\"}}],\"inLanguage\":\"en-US\"}]}<\/script>\n<!-- \/ Yoast SEO plugin. -->","yoast_head_json":{"title":"Web Development - GLM Digital","description":"Our web development service focuses on creating fast, secure and visually appealing websites that are responsive to all devices.","robots":{"index":"index","follow":"follow","max-snippet":"max-snippet:-1","max-image-preview":"max-image-preview:large","max-video-preview":"max-video-preview:-1"},"canonical":"https:\/\/glm-digital.hr\/en\/web-development\/","og_locale":"en_US","og_type":"article","og_title":"Web Development - GLM Digital","og_description":"Our web development service focuses on creating fast, secure and visually appealing websites that are responsive to all devices.","og_url":"https:\/\/glm-digital.hr\/en\/web-development\/","og_site_name":"GLM Digital","article_modified_time":"2025-05-13T20:50:26+00:00","twitter_card":"summary_large_image","twitter_misc":{"Est. reading time":"3 minutes"},"schema":{"@context":"https:\/\/schema.org","@graph":[{"@type":"WebPage","@id":"https:\/\/glm-digital.hr\/en\/web-development\/","url":"https:\/\/glm-digital.hr\/en\/web-development\/","name":"Web Development - GLM Digital","isPartOf":{"@id":"https:\/\/glm-digital.hr\/en\/#website"},"datePublished":"2025-04-13T07:35:08+00:00","dateModified":"2025-05-13T20:50:26+00:00","description":"Our web development service focuses on creating fast, secure and visually appealing websites that are responsive to all devices.","breadcrumb":{"@id":"https:\/\/glm-digital.hr\/en\/web-development\/#breadcrumb"},"inLanguage":"en-US","potentialAction":[{"@type":"ReadAction","target":["https:\/\/glm-digital.hr\/en\/web-development\/"]}]},{"@type":"BreadcrumbList","@id":"https:\/\/glm-digital.hr\/en\/web-development\/#breadcrumb","itemListElement":[{"@type":"ListItem","position":1,"name":"Home","item":"https:\/\/glm-digital.hr\/en\/"},{"@type":"ListItem","position":2,"name":"Web Development"}]},{"@type":"WebSite","@id":"https:\/\/glm-digital.hr\/en\/#website","url":"https:\/\/glm-digital.hr\/en\/","name":"GLM Digital","description":"","potentialAction":[{"@type":"SearchAction","target":{"@type":"EntryPoint","urlTemplate":"https:\/\/glm-digital.hr\/en\/?s={search_term_string}"},"query-input":{"@type":"PropertyValueSpecification","valueRequired":true,"valueName":"search_term_string"}}],"inLanguage":"en-US"}]}},"_links":{"self":[{"href":"https:\/\/glm-digital.hr\/en\/wp-json\/wp\/v2\/pages\/273","targetHints":{"allow":["GET"]}}],"collection":[{"href":"https:\/\/glm-digital.hr\/en\/wp-json\/wp\/v2\/pages"}],"about":[{"href":"https:\/\/glm-digital.hr\/en\/wp-json\/wp\/v2\/types\/page"}],"author":[{"embeddable":true,"href":"https:\/\/glm-digital.hr\/en\/wp-json\/wp\/v2\/users\/1"}],"replies":[{"embeddable":true,"href":"https:\/\/glm-digital.hr\/en\/wp-json\/wp\/v2\/comments?post=273"}],"version-history":[{"count":1,"href":"https:\/\/glm-digital.hr\/en\/wp-json\/wp\/v2\/pages\/273\/revisions"}],"predecessor-version":[{"id":274,"href":"https:\/\/glm-digital.hr\/en\/wp-json\/wp\/v2\/pages\/273\/revisions\/274"}],"wp:attachment":[{"href":"https:\/\/glm-digital.hr\/en\/wp-json\/wp\/v2\/media?parent=273"}],"curies":[{"name":"wp","href":"https:\/\/api.w.org\/{rel}","templated":true}]}}